{"id":45,"date":"2012-01-21T12:15:24","date_gmt":"2012-01-21T11:15:24","guid":{"rendered":"\/?page_id=45"},"modified":"2016-07-26T10:03:36","modified_gmt":"2016-07-26T09:03:36","slug":"faq","status":"publish","type":"page","link":"https:\/\/it4bi.ulb.ac.be\/it4bi\/home\/learn-more-on-it4bi\/faq","title":{"rendered":"FAQ"},"content":{"rendered":"<div class=\"ligne premiere_ligne\">\n<div class=\"colonne premiere_colonne derniere_colonne\" style=\"width: 99.9%;\">\n<div class=\"colonne_deco\">\n<div class=\"style2\">\n<h3>IT4BI<\/h3>\n<div class=\"style2_deco\"><\/div>\n<\/div>\n<div class=\"style3\">\n<div class=\"style3_deco\">\n<h3>The Master Programme<\/h3>\n<div class=\"style3_contenu\">\n<ul>\n<li><strong>What does IT4BI mean?<\/strong>\n<ul>\n<li>IT4BI means Information Technology for Business Intelligence<\/li>\n<\/ul>\n<\/li>\n<\/ul>\n<p>&nbsp;<\/p>\n<ul>\n<li><strong>What is IT4BI?<\/strong>\n<ul>\n<li>IT4BI is a 2-year, English-language programme jointly delivered by Universit\u00e9 Libre de Bruxelles (ULB) in Belgium, Universit\u00e9 Fran\u00e7ois Rabelais Tours (UFRT) in France, Ecole Centrale Paris (ECP) in France, Universitat Polit\u00e8cnica de Catalunya (UPC) in Spain, and Technische Universit\u00e4t Berlin (TUB) in Germany.<\/li>\n<\/ul>\n<\/li>\n<\/ul>\n<p>&nbsp;<\/p>\n<ul>\n<li><strong>What is the tuition language? Do I need to speak French, Spanish or German?<\/strong>\n<ul>\n<li>There is no need to speak French, Spanish or German to follow the courses, all technical courses are in English, and language course for the above languages are part of the programme.<\/li>\n<\/ul>\n<\/li>\n<\/ul>\n<p>&nbsp;<\/p>\n<ul>\n<li><strong>Can the degree be finished sooner than 2 years? If I take courses during summer and winter breaks?<\/strong>\n<ul>\n<li>No.<\/li>\n<\/ul>\n<\/li>\n<\/ul>\n<p>&nbsp;<\/p>\n<ul>\n<li><strong>Can any course be taken online other than in classroom?<\/strong>\n<ul>\n<li>No.<\/li>\n<\/ul>\n<\/li>\n<\/ul>\n<p>&nbsp;<\/p>\n<ul>\n<li><strong>Can I enrol in the programme part-time?<\/strong>\n<ul>\n<li>No. The Erasmus Mundus joint master&#39;s degree programmes are a full-time programmes.<\/li>\n<\/ul>\n<\/li>\n<\/ul>\n<\/div>\n<\/div>\n<\/div>\n<\/div>\n<\/div>\n<p>&nbsp;<\/p>\n<\/div>\n<div class=\"ligne\">\n<div class=\"colonne premiere_colonne derniere_colonne\" style=\"width: 99.9%;\">\n<div class=\"colonne_deco\">\n<div class=\"style2\">\n<h3>Erasmus+<\/h3>\n<div class=\"style2_deco\"><\/div>\n<\/div>\n<div class=\"style3\">\n<div class=\"style3_deco\">\n<h3>The Erasmus+ Programme<\/h3>\n<div class=\"style3_contenu\">\n<ul>\n<li><strong>What is Erasmus+?<\/strong>\n<ul>\n<li>Erasmus+ is the new European Union programme for education, training, youth and sport for 2014-2020. In the field of higher education, Erasmus+ supports the Erasmus Mundus Joint Master Degrees, which are high-level integrated international study programmes delivered by consortia of higher education institutions that award full degree scholarships to the best master students worldwide.<\/li>\n<\/ul>\n<\/li>\n<\/ul>\n<p>&nbsp;<\/p>\n<ul>\n<li><strong>Where can I find a FAQ about the Erasmus+ Programme?<\/strong>\n<ul>\n<li><a class=\"lien_externe\" title=\"\" href=\"http:\/\/europa.eu\/rapid\/press-release_MEMO-13-1008_en.htm\">Here<\/a>.<\/li>\n<\/ul>\n<\/li>\n<\/ul>\n<\/div>\n<\/div>\n<\/div>\n<\/div>\n<\/div>\n<p>&nbsp;<\/p>\n<\/div>\n<div class=\"ligne\">\n<div class=\"colonne premiere_colonne derniere_colonne\" style=\"width: 99.9%;\">\n<div class=\"colonne_deco\">\n<div class=\"style2\">\n<h3>Students<\/h3>\n<div class=\"style2_deco\"><\/div>\n<\/div>\n<div class=\"style3\">\n<div class=\"style3_deco\">\n<h3>Application and eligibility<\/h3>\n<div class=\"style3_contenu\">\n<ul>\n<li><strong>What is the application procedure? <\/strong><strong>How to submit CVs, letters of reference, transcripts, etc.? Are there templates for these documents?<\/strong>\n<ul>\n<!--\n\n<li>Applicants must use <a class=\"lien_externe\" title=\"the online application form\" href=\"http:\/\/www.info.univ-tours.fr\/access_it4bi.php\">the online application form<\/a>. Please do not sent documents directly by email. The online application system provides templates for the letter of reference and the recording of academic results.<\/li>\n\n--><\/p>\n<li>Please, have a look to <a href=\"http:\/\/bdma.ulb.ac.be\/bdma\/\" title=\"BDMA Website\" alt=\"BDMA Website\">BDMA Website<\/a><\/li>\n<\/ul>\n<\/li>\n<\/ul>\n<p>&nbsp;<\/p>\n<ul>\n<li><strong>Who can apply to IT4BI?<\/strong>\n<ul>\n<li>Students from <strong>all countries<\/strong> can apply to the IT4BI master programme.<\/li>\n<li>Students should have been awarded a <strong>Bachelor&#39;s degree<\/strong> (i.e., the equivalent of 180 ECTS), from an accredited university. The university has to be listed in the International Handbook of Universities published by the <a title=\"IAU\" href=\"http:\/\/www.iau-aiu.net\/content\/list-heis\" target=\"_blank\">International association of Universities<\/a>, or be included in the following university rankings:\n<ul>\n<ul>\n<li>The <a href=\"http:\/\/www.timeshighereducation.co.uk\/world-university-rankings\/\">Times Higher<\/a><\/li>\n<li><a href=\"http:\/\/www.arwu.org\/\">Academic Ranking of World Universities<\/a><\/li>\n<li><a href=\"http:\/\/www.topuniversities.com\/university-rankings\/world-university-rankings\">QS World University Rankings<\/a><\/li>\n<\/ul>\n<\/ul>\n<p>Degrees with a major in Computer science will be preferred.<\/li>\n<li>Students must be able to demonstrate <strong>proficiency in English<\/strong> by means of an internationally recognised test equivalent to level B2 in the CEFR (<a title=\"CEFR\" href=\"http:\/\/www.coe.int\/t\/dg4\/linguistic\/Cadre1_en.asp\" target=\"_blank\">Common European Framework of Reference for Languages<\/a>).<\/li>\n<\/ul>\n<\/li>\n<\/ul>\n<p>&nbsp;<\/p>\n<ul>\n<li><strong>Can I apply if I do not have obtained my Bachelor yet?<\/strong>\n<ul>\n<li>Candidates applying to IT4BI who do not have yet obtained the bachelor degree at the time of application deadline, may nevertheless apply to the Master. In this case, if accepted, it will be conditional.<br \/>\nStudents applying for a scholarship must upload proof of obtained bachelor degree no later than the <a href=\"\/it4bi\/home\/students\/admission\/\">deadlines<\/a> specified in the<a href=\"\/it4bi\/home\"> IT4BI website<\/a>.<\/li>\n<\/ul>\n<\/li>\n<\/ul>\n<p>&nbsp;<\/p>\n<ul>\n<li><strong>Can I apply if I don&#39;t have a bachelor of science with major in computer science, but I have working experience in business intelligence?<\/strong>\n<ul>\n<li>Indeed, you can apply to IT4BI, but students with major in Computer Science will be ranked higher. Please provide as much information as possible about your working experience in the domain of BI or Computer Science in general in order to counterbalance the fact that you don&#39;t have a major in Computer Science. That will increase your ranking.<\/li>\n<\/ul>\n<\/li>\n<\/ul>\n<p>&nbsp;<\/p>\n<ul>\n<li><strong>What about the document to upload providing the English test results if English is my mother language and \/or if I did my studies in English?<\/strong><strong>Is my IELTS test (General Training) equivalent to IELTS (Academic) that the IT4BI requires? Is institutional TOEFL (ITP TOEFL) accepted as a proof of English proficiency? What if my test validity has expired?<\/strong>\n<ul>\n<li>For these questions, please see the <a class=\"lien_externe\" title=\"Application manual (new window)\" href=\"http:\/\/cs.ulb.ac.be\/emundus\/images\/stories\/provided_documents\/it4bi_application_manual.pdf\">application manual<\/a>.<\/li>\n<\/ul>\n<\/li>\n<\/ul>\n<p>&nbsp;<\/p>\n<\/div>\n<\/div>\n<\/div>\n<\/div>\n<\/div>\n<p>&nbsp;<\/p>\n<\/div>\n<div class=\"ligne\">\n<div class=\"colonne premiere_colonne derniere_colonne\" style=\"width: 99.9%;\">\n<div class=\"colonne_deco\">\n<div class=\"style3\">\n<div class=\"style3_deco\">\n<h3>Scholarships<\/h3>\n<div class=\"style3_contenu\">\n<p>&nbsp;<\/p>\n<ul>\n<li><strong>Are scholarships available?<\/strong>\n<ul>\n<li>Yes, the Erasmus+ programme provides EU-funded scholarships to students who have been selected by the consortium. The scholarship amount depends on the origin of the selected student.<\/li>\n<\/ul>\n<\/li>\n<\/ul>\n<p>&nbsp;<\/p>\n<ul>\n<li><strong>Who can apply for an Erasmus+ scholarship?<\/strong>\n<ul>\n<li>The Erasmus+ programme distinguishes students who are nationals or residents of Programme Countries and Partner countries. <strong>Programme countries students<\/strong> are:<\/p>\n<p>&nbsp;<\/p>\n<ul>\n<li>Students who are nationals or residents of one of the 28 EU Member States: Germany, Austria, Belgium, Denmark, Spain, Finland, France, Greece, Ireland, Slovakia, Slovenia, Italy, Luxembourg, the Netherlands, Portugal, UK, Sweden, Bulgaria, Malta, Poland, Czech Republic, Cyprus, Estonia, Hungary, Latvia, Lithuania, Romania, and Croatia.<\/li>\n<li>Students who are nationals or residents of one of the following countries: Iceland, Liechtenstein, Norway, Turkey, and Former Yugoslav Republic of Macedonia (FYRoM).<\/li>\n<li>Students who have resided or carried out their main activities (studies, work, etc.) for more than 12 months over the past five years (counted backward starting from the end of February following the official deadline for application to the master) in any of the above countries. For applicants applying for student intake in 2015, this is the period from March 1, 2010 to February 28, 2015.<\/li>\n<\/ul>\n<p>&nbsp;<\/p>\n<p>Students of <strong>Partner Countries<\/strong> are all other students.\n<\/li>\n<\/ul>\n<\/li>\n<\/ul>\n<p>&nbsp;<\/p>\n<ul>\n<li><strong>What is the maximum amount of the Erasmus+ scholarship?<\/strong>\n<ul>\n<li>The maximum scholarship amount for students from Partner Countries is \u20ac24,000 per year. The maximum scholarship amount for students from Programme Countries is \u20ac17,000 per year.<\/li>\n<\/ul>\n<\/li>\n<\/ul>\n<p>&nbsp;<\/p>\n<ul>\n<li><strong>What does the Erasmus+ scholarship cover? Do Erasmus+ scholarships cover all expenses?<\/strong>\n<ul>\n<li>Erasmus+ scholarships are meant to cover tuition fees, participation costs (including insurance coverage), contribute to cover travel cost and installation cost, and include a monthly allowance.<\/li>\n<\/ul>\n<\/li>\n<\/ul>\n<p>&nbsp;<br \/>\nFor more information on Erasmus+ scholarships, please consult <a href=\"\/it4bi\/home\/students\/tuition-fees-scholarships\/\">the tuition fees and scholarships page<\/a>.\n<\/div>\n<\/div>\n<\/div>\n<\/div>\n<\/div>\n<p>&nbsp;<\/p>\n<\/div>\n<div class=\"ligne\">\n<div class=\"colonne premiere_colonne derniere_colonne\" style=\"width: 99.9%;\">\n<div class=\"colonne_deco\">\n<div class=\"style3\">\n<div class=\"style3_deco\">\n<h3>Tuition Fees<\/h3>\n<div class=\"style3_contenu\">\n<ul>\n<li><strong>What are the tuition fees?<\/strong>\n<ul>\n<li>Tuition fees are 4,000 \u20ac \/ year for European students and 8,000 \u20ac \/year for other students.<\/li>\n<\/ul>\n<\/li>\n<\/ul>\n<p>&nbsp;<\/p>\n<ul>\n<li><strong>Is accommodation included in registration fees?<\/strong>\n<ul>\n<li>No.<\/li>\n<\/ul>\n<\/li>\n<\/ul>\n<p>&nbsp;<\/p>\n<\/div>\n<\/div>\n<\/div>\n<\/div>\n<\/div>\n<p>&nbsp;<\/p>\n<\/div>\n<div class=\"ligne\">\n<div class=\"colonne premiere_colonne derniere_colonne\" style=\"width: 99.9%;\">\n<div class=\"colonne_deco\">\n<div class=\"style3\">\n<div class=\"style3_deco\">\n<h3>Services<\/h3>\n<div class=\"style3_contenu\">\n<p>&nbsp;<\/p>\n<ul>\n<li><strong>What provision do you have for accommodation, how will that be co-ordinated or where will I stay?<\/strong>\n<ul>\n<li>IT4BI local administrative managers secure housing for every student at every place of study.<\/li>\n<\/ul>\n<\/li>\n<\/ul>\n<p>&nbsp;<\/p>\n<ul>\n<li><strong>Is there a provision for work-study (Studying while also working at the college \/ or other place obtained by college)? Can this scenario be arranged?<\/strong>\n<ul>\n<li>So far nothing has been arranged by the consortium, but there may be possibilities at each local partner delivering the degree. We are working on that particular issue. Note also that if you are granted the scholarship, the UE does not allow to work while studying since Erasmus Mundus scholarships are intended for full time studies only.<\/li>\n<\/ul>\n<\/li>\n<\/ul>\n<\/div>\n<\/div>\n<\/div>\n<\/div>\n<\/div>\n<p>&nbsp;<\/p>\n<\/div>\n<div class=\"ligne\">\n<div class=\"colonne premiere_colonne derniere_colonne\" style=\"width: 99.9%;\">\n<div class=\"colonne_deco\">\n<div class=\"style2\">\n<h3>Scholars<\/h3>\n<div class=\"style2_deco\"><\/div>\n<\/div>\n<div class=\"style3\">\n<div class=\"style3_deco\">\n<h3>Application<\/h3>\n<div class=\"style3_contenu\">\n<ul>\n<li><strong>Who can apply as a visiting scholar? What is the application procedure?<\/strong>\n<ul>\n<li>For all these questions, please refer to <a href=\"\/it4bi\/home\/visiting-scholars\/how-to-join-it4bi\">the How to join IT4BI page<\/a>.<\/li>\n<\/ul>\n<\/li>\n<\/ul>\n<\/div>\n<\/div>\n<\/div>\n<\/div>\n<\/div>\n<p>&nbsp;<\/p>\n<\/div>\n<div class=\"ligne\">\n<div class=\"colonne premiere_colonne derniere_colonne\" style=\"width: 99.9%;\">\n<div class=\"colonne_deco\">\n<div class=\"style3\">\n<div class=\"style3_deco\">\n<h3>Scholarships<\/h3>\n<div class=\"style3_contenu\">\n<p>&nbsp;<\/p>\n<ul>\n<li><strong>Are scholarships available for scholars?<\/strong>\n<ul>\n<li>Yes, the sholarship is \u20ac 1 200 \/ week for a minimum duration of 2 weeks and a maximum duration of 3 months per scholar.<\/li>\n<\/ul>\n<\/li>\n<\/ul>\n<p>&nbsp;<\/p>\n<ul>\n<li><strong>What does the scholarship cover?<\/strong>\n<ul>\n<li>Travel cost contribution, Additional allowance (depending on the length of academic exchange)<\/li>\n<\/ul>\n<\/li>\n<\/ul>\n<\/div>\n<\/div>\n<\/div>\n<\/div>\n<\/div>\n<p>&nbsp;<\/p>\n<\/div>\n<div class=\"ligne derniere_ligne\">\n<div class=\"colonne premiere_colonne derniere_colonne\" style=\"width: 99.9%;\">\n<div class=\"colonne_deco\">\n<div class=\"style3\">\n<div class=\"style3_deco\">\n<h3>Services<\/h3>\n<div class=\"style3_contenu\">\n<p>&nbsp;<\/p>\n<ul>\n<li><strong>What are the facilities and services available for scholars? Are specific services available for scholars and their families? Are specific services available for scholars with special needs?<\/strong>\n<ul>\n<li>For all these questions, please refer to <a href=\"\/it4bi\/home\/visiting-scholars\/facilities-support-services\">the Facilities and support services page.<\/a><\/li>\n<\/ul>\n<\/li>\n<\/ul>\n<p>&nbsp;<\/p>\n<p>&nbsp;<\/p>\n<p>&nbsp;<\/p>\n<\/div>\n<\/div>\n<\/div>\n<\/div>\n<\/div>\n<p>&nbsp;<\/p>\n<\/div>\n","protected":false},"excerpt":{"rendered":"<p>IT4BI The Master Programme What does IT4BI mean? IT4BI means Information Technology for Business Intelligence &nbsp; What is IT4BI? IT4BI is a 2-year, English-language programme jointly delivered by Universit\u00e9 Libre de Bruxelles (ULB) in Belgium, Universit\u00e9 Fran\u00e7ois Rabelais Tours (UFRT) &hellip; <a href=\"https:\/\/it4bi.ulb.ac.be\/it4bi\/home\/learn-more-on-it4bi\/faq\">Continue reading <span class=\"meta-nav\">&rarr;<\/span><\/a><\/p>\n","protected":false},"author":2,"featured_media":0,"parent":36,"menu_order":0,"comment_status":"closed","ping_status":"closed","template":"","meta":{"footnotes":""},"_links":{"self":[{"href":"https:\/\/it4bi.ulb.ac.be\/it4bi\/wp-json\/wp\/v2\/pages\/45"}],"collection":[{"href":"https:\/\/it4bi.ulb.ac.be\/it4bi\/wp-json\/wp\/v2\/pages"}],"about":[{"href":"https:\/\/it4bi.ulb.ac.be\/it4bi\/wp-json\/wp\/v2\/types\/page"}],"author":[{"embeddable":true,"href":"https:\/\/it4bi.ulb.ac.be\/it4bi\/wp-json\/wp\/v2\/users\/2"}],"replies":[{"embeddable":true,"href":"https:\/\/it4bi.ulb.ac.be\/it4bi\/wp-json\/wp\/v2\/comments?post=45"}],"version-history":[{"count":0,"href":"https:\/\/it4bi.ulb.ac.be\/it4bi\/wp-json\/wp\/v2\/pages\/45\/revisions"}],"up":[{"embeddable":true,"href":"https:\/\/it4bi.ulb.ac.be\/it4bi\/wp-json\/wp\/v2\/pages\/36"}],"wp:attachment":[{"href":"https:\/\/it4bi.ulb.ac.be\/it4bi\/wp-json\/wp\/v2\/media?parent=45"}],"curies":[{"name":"wp","href":"https:\/\/api.w.org\/{rel}","templated":true}]}}