{"id":229,"date":"2012-02-02T17:36:38","date_gmt":"2012-02-02T16:36:38","guid":{"rendered":"\/?page_id=229"},"modified":"2014-10-28T18:03:40","modified_gmt":"2014-10-28T17:03:40","slug":"useful-links","status":"publish","type":"page","link":"https:\/\/it4bi.ulb.ac.be\/it4bi\/home\/learn-more-on-it4bi\/useful-links","title":{"rendered":"Useful links"},"content":{"rendered":"<div class=\"ligne premiere_ligne\">\n<div class=\"colonne premiere_colonne derniere_colonne\" style=\"width: 99.9%;\">\n<div class=\"colonne_deco\">\n<div class=\"style2\">\n<h3>Consortium<\/h3>\n<div class=\"style2_deco\"><\/div>\n<\/div>\n<div class=\"style3\">\n<div class=\"style3_deco\">\n<h3>Partners<\/h3>\n<div class=\"style3_contenu\">\n<p><a class=\"lien_externe\" title=\"universit\u00e9 libre de bruxelles (ulb) (new window)\" href=\"http:\/\/www.ulb.ac.be\/\">Universit\u00e9 Libre de Bruxelles (ULB)<\/a><\/p>\n<p><a class=\"lien_externe\" title=\"universit\u00e9 fran\u00e7ois-rabelais de tours (ufrt) (new window)\" href=\"http:\/\/www.univ-tours.fr\">Universit\u00e9 Fran\u00e7ois-Rabelais de Tours (UFRT)<\/a><\/p>\n<p><a class=\"lien_externe\" title=\"ecole centrale paris (new window)\" href=\"http:\/\/www.ecp.fr\/\">Ecole Centrale Paris (ECP)<\/a><\/p>\n<p><a class=\"lien_externe\" title=\"technische universit\u00e4t berlin (tub) (new window)\" href=\"http:\/\/www.tu-berlin.de\/\">Technische Universit\u00e4t Berlin (TUB)<\/a><\/p>\n<p><a class=\"lien_externe\" title=\"http:\/\/www.upc.edu\/ (new window)\" href=\"http:\/\/www.upc.edu\/\">Universitat Polit\u00e8cnica de Catalunya (UPC)<\/a><\/p>\n<p>&nbsp;<\/p>\n<p> For associated partners, please see <a href=\"\/it4bi\/home\/network\/associated-partners\/\">the Associated Partners page<\/a><\/p>\n<\/div>\n<\/div>\n<\/div>\n<\/div>\n<\/div>\n<p>&nbsp;<\/p>\n<\/div>\n<div class=\"ligne\">\n<div class=\"colonne premiere_colonne derniere_colonne\" style=\"width: 99.9%;\">\n<div class=\"colonne_deco\">\n<div class=\"style2\">\n<h3>Related events<\/h3>\n<div class=\"style2_deco\"><\/div>\n<\/div>\n<div class=\"style3\">\n<div class=\"style3_deco\">\n<h3>Summer School<\/h3>\n<div class=\"style3_contenu\">\n<p><a class=\"lien_externe\" title=\"european business intelligence summer school (new window)\" href=\"http:\/\/cs.ulb.ac.be\/conferences\/ebiss.html\">European Business Intelligence Summer School<\/a><\/p>\n<\/div>\n<\/div>\n<\/div>\n<\/div>\n<\/div>\n<p>&nbsp;<\/p>\n<\/div>\n<div class=\"ligne\">\n<div class=\"colonne premiere_colonne derniere_colonne\" style=\"width: 99.9%;\">\n<div class=\"colonne_deco\">\n<div class=\"style2\">\n<h3>Europe and Higher Education<\/h3>\n<div class=\"style2_deco\"><\/div>\n<\/div>\n<div class=\"style3\">\n<div class=\"style3_deco\">\n<h3>European Union<\/h3>\n<div class=\"style3_contenu\">\n<p><a class=\"lien_externe\" title=\"europa - gateway to the european union (new window)\" href=\"http:\/\/europa.eu\/index_en.htm\">Europa &#8211; Gateway to the European Union<\/a><\/p>\n<p><a class=\"lien_externe\" title=\"eu delegations (new window)\" href=\"http:\/\/eeas.europa.eu\/delegations\/web_en.htm\">EU Delegations<\/a><\/p>\n<p><a class=\"lien_externe\" title=\"http:\/\/eacea.ec.europa.eu\/index_en.php (new window)\" href=\"http:\/\/eacea.ec.europa.eu\/index_en.php\">European Executive Agency Education, Audiovisual, Culture<\/a><\/p>\n<\/div>\n<\/div>\n<\/div>\n<div class=\"style3\">\n<div class=\"style3_deco\">\n<h3>Erasmus Mundus<\/h3>\n<div class=\"style3_contenu\">\n<p><a title=\"erasmus +\" href=\"http:\/\/ec.europa.eu\/programmes\/erasmus-plus\/index_en.htm\" target=\"_blank\">The Erasmus+ Programme<\/a><\/p>\n<p><a class=\"lien_externe\" title=\"the erasmus + national agencies\" href=\"http:\/\/ec.europa.eu\/programmes\/erasmus-plus\/tools\/national-agencies\/index_en.htm\" target=\"_blank\">Erasmus+ National Agencies<\/a><\/p>\n<p><a class=\"lien_externe\" title=\"the erasmus mundus programme (new window)\" href=\"http:\/\/eacea.ec.europa.eu\/erasmus_mundus\/index_en.php\">The Erasmus Mundus Programme<\/a><\/p>\n<p><a class=\"lien_externe\" title=\"erasmus mundus alumni association (ema) (new window)\" href=\"http:\/\/www.em-a.eu\/\">Erasmus Mundus Alumni Association (EMA)<\/a><\/p>\n<p><a class=\"lien_externe\" title=\"erasmus mundus quality assurance for international higher education courses (new window)\" href=\"http:\/\/www.emqa.eu\/\">Erasmus Mundus Quality Assurance for International Higher Education Courses<\/a><\/p>\n<\/div>\n<\/div>\n<\/div>\n<div class=\"style3\">\n<div class=\"style3_deco\">\n<h3>Higher Education in Europe<\/h3>\n<div class=\"style3_contenu\">\n<p><a class=\"lien_externe\" title=\"study in europe (new window)\" href=\"http:\/\/ec.europa.eu\/education\/study-in-europe\/index_en.html\">Study in Europe<\/a><\/p>\n<p><a class=\"lien_externe\" title=\"euridyce - information on education systems and policies in europe (new window)\" href=\"http:\/\/eacea.ec.europa.eu\/education\/eurydice\/index_en.php\">Euridyce &#8211; Information on Education Systems and Policies in Europe<\/a><a class=\"lien_externe\" title=\"http:\/\/eacea.ec.europa.eu\/index_en.php (new window)\" href=\"http:\/\/eacea.ec.europa.eu\/index_en.php\"><br \/>\n<\/a><\/p>\n<\/div>\n<\/div>\n<\/div>\n<\/div>\n<\/div>\n<p>&nbsp;<\/p>\n<\/div>\n","protected":false},"excerpt":{"rendered":"<p>Consortium Partners Universit\u00e9 Libre de Bruxelles (ULB) Universit\u00e9 Fran\u00e7ois-Rabelais de Tours (UFRT) Ecole Centrale Paris (ECP) Technische Universit\u00e4t Berlin (TUB) Universitat Polit\u00e8cnica de Catalunya (UPC) &nbsp; For associated partners, please see the Associated Partners page &nbsp; Related events Summer School &hellip; <a href=\"https:\/\/it4bi.ulb.ac.be\/it4bi\/home\/learn-more-on-it4bi\/useful-links\">Continue reading <span class=\"meta-nav\">&rarr;<\/span><\/a><\/p>\n","protected":false},"author":2,"featured_media":0,"parent":36,"menu_order":2,"comment_status":"closed","ping_status":"closed","template":"","meta":{"footnotes":""},"_links":{"self":[{"href":"https:\/\/it4bi.ulb.ac.be\/it4bi\/wp-json\/wp\/v2\/pages\/229"}],"collection":[{"href":"https:\/\/it4bi.ulb.ac.be\/it4bi\/wp-json\/wp\/v2\/pages"}],"about":[{"href":"https:\/\/it4bi.ulb.ac.be\/it4bi\/wp-json\/wp\/v2\/types\/page"}],"author":[{"embeddable":true,"href":"https:\/\/it4bi.ulb.ac.be\/it4bi\/wp-json\/wp\/v2\/users\/2"}],"replies":[{"embeddable":true,"href":"https:\/\/it4bi.ulb.ac.be\/it4bi\/wp-json\/wp\/v2\/comments?post=229"}],"version-history":[{"count":0,"href":"https:\/\/it4bi.ulb.ac.be\/it4bi\/wp-json\/wp\/v2\/pages\/229\/revisions"}],"up":[{"embeddable":true,"href":"https:\/\/it4bi.ulb.ac.be\/it4bi\/wp-json\/wp\/v2\/pages\/36"}],"wp:attachment":[{"href":"https:\/\/it4bi.ulb.ac.be\/it4bi\/wp-json\/wp\/v2\/media?parent=229"}],"curies":[{"name":"wp","href":"https:\/\/api.w.org\/{rel}","templated":true}]}}