{"id":204,"date":"2012-02-02T13:43:50","date_gmt":"2012-02-02T12:43:50","guid":{"rendered":"\/?page_id=204"},"modified":"2016-04-20T15:48:24","modified_gmt":"2016-04-20T14:48:24","slug":"careers","status":"publish","type":"page","link":"https:\/\/it4bi.ulb.ac.be\/it4bi\/home\/the-it4bi-experience\/careers","title":{"rendered":"Careers"},"content":{"rendered":"<div class=\"ligne premiere_ligne\">\n<div class=\"colonne premiere_colonne derniere_colonne\" style=\"width: 99.9%;\">\n<div class=\"colonne_deco\">\n<div class=\"style3\">\n<div class=\"style3_deco\">\n<h3>Statistics 2015<\/h3>\n<div class=\"style3_contenu\">\n<h4 style=\"text-align: center;\">IT4BI Generation 2013-2015<\/h4>\n<p>The second generation of IT4BI graduated in September 2015.<br \/>\nThis year, the completion rate is more than 80% with 21 students who have graduated successfully out of 26 admitted.<br \/>\nSurveyed upon graduation, the IT4BI alumni told us about their career perspectives.<br \/>\nAmong the 21 graduates, 15 answered the survey.<\/p>\n<h4>After graduation, what did they chose to do?<\/h4>\n<p><a href=\"\/it4bi\/medias\/images\/it4bi_www_pursuing_gen2013.png\"><img loading=\"lazy\" decoding=\"async\" class=\"alignleft size-full wp-image-1634\" src=\"\/it4bi\/medias\/images\/it4bi_www_pursuing_gen2013.png\" alt=\"it4bi_www_pursuing_gen2013\" width=\"480\" height=\"289\" \/><\/a><br \/>\nAmong students, a majority has found a job and two students decided to pursue their studies and follow a PhD program.<\/p>\n<p>&nbsp;<\/p>\n<h4>How long after graduation did they found their job?<\/h4>\n<p><a href=\"\/it4bi\/medias\/images\/it4bi_www_employment_when_gen2013-1.png\"><img loading=\"lazy\" decoding=\"async\" class=\"alignleft size-full wp-image-1644\" src=\"\/it4bi\/medias\/images\/it4bi_www_employment_when_gen2013-1.png\" alt=\"it4bi_www_employment_when_gen2013\" width=\"480\" height=\"289\" \/><\/a><\/p>\n<p>Most survyed students found a job opportunity while following the IT4BI programm, 25% got empoyed within 3 months and the remaining 20% found a work afterwards.<\/p>\n<h4>What is their field of activity?<\/h4>\n<p><a href=\"\/it4bi\/medias\/images\/it4bi_www_workfield_gen2013_2.png\"><img loading=\"lazy\" decoding=\"async\" class=\"alignleft size-full wp-image-1657\" src=\"\/it4bi\/medias\/images\/it4bi_www_workfield_gen2013_2.png\" alt=\"it4bi_www_workfield_gen2013_2\" width=\"480\" height=\"289\" \/><\/a><\/p>\n<p>A vast majority are now working in fields of Business Intelligence, Data science and Analytics.<br \/>\nTheir average salary amounts to 40.500\u20ac per year.<\/p>\n<p>&nbsp;<\/p>\n<h4>Where are they now?<\/h4>\n<p><a href=\"\/it4bi\/medias\/images\/it4bi_www_employment_bycountry_gen2013.png\"><img loading=\"lazy\" decoding=\"async\" class=\"alignleft size-full wp-image-1631\" src=\"\/it4bi\/medias\/images\/it4bi_www_employment_bycountry_gen2013.png\" alt=\"it4bi_www_employment_bycountry_gen2013\" width=\"480\" height=\"289\" \/><\/a><\/p>\n<p>Most of students answering the survey pursue their career in Europe. Germany remains the number one choice of residency for IT4BI graduates.<\/p>\n<p>&nbsp;<\/p>\n<p>&nbsp;<\/p>\n<p>&nbsp;<\/p>\n<\/div>\n<\/div>\n<\/div>\n<\/div>\n<\/div>\n<\/div>\n<p>&nbsp;<\/p>\n<div class=\"ligne premiere_ligne\">\n<div class=\"colonne premiere_colonne derniere_colonne\" style=\"width: 99.9%;\">\n<div class=\"colonne_deco\">\n<div class=\"style3\">\n<div class=\"style3_deco\">\n<div class=\"style3_contenu\">\n<h4 style=\"text-align: center;\">IT4BI Generation 2012-2014<\/h4>\n<p>The very first generation of IT4BI graduated in September 2014. The completion rate was more than 94% with 18 out of 19 students successfully graduated from the program.<br \/>\nWe asked them about their becoming after IT4BI and got answers from all the 18 graduated students.<\/p>\n<h4>After graduation, what did they chose to do?<\/h4>\n<p><a href=\"\/it4bi\/medias\/images\/it4bi_www_pursuing_gen2013.jpg\"><img loading=\"lazy\" decoding=\"async\" class=\"alignleft size-full wp-image-1649\" src=\"\/it4bi\/medias\/images\/it4bi_www_pursuing_gen2013.jpg\" alt=\"it4bi_www_pursuing_gen2013\" width=\"480\" height=\"289\" \/><\/a><br \/>\nAmong them, a majority has now found a job. Two students chose to pursue their studies. They are now following a PhD thanks to the IT4BI program.<\/p>\n<h4>How long after graduation did they found their job?<\/h4>\n<p><a href=\"\/it4bi\/medias\/images\/it4bi_www_employement_when_gen2012_2.png\"><img loading=\"lazy\" decoding=\"async\" class=\"alignleft size-full wp-image-1658\" src=\"\/it4bi\/medias\/images\/it4bi_www_employement_when_gen2012_2.png\" alt=\"it4bi_www_employement_when_gen2012_2\" width=\"480\" height=\"289\" \/><\/a><\/p>\n<h4>What is their field of activity?<\/h4>\n<p><a href=\"\/it4bi\/medias\/images\/it4bi_www_workfield_gen2012_3.png\"><img loading=\"lazy\" decoding=\"async\" class=\"alignleft size-full wp-image-1656\" src=\"\/it4bi\/medias\/images\/it4bi_www_workfield_gen2012_3.png\" alt=\"it4bi_www_workfield_gen2012_3\" width=\"480\" height=\"289\" \/><\/a><\/p>\n<p>Among them, a majority of students are working in fields of Business Intelligence, Data science and Qnalytics. Two students created their own company.<br \/>\nTheir average salary amounts to 38.500\u20ac per year.<\/p>\n<h4>Where are they now?<\/h4>\n<p><a href=\"\/it4bi\/medias\/images\/it4bi_www_employment_bycountry_gen2012.png\"><img loading=\"lazy\" decoding=\"async\" class=\"alignleft size-full wp-image-1637\" src=\"\/it4bi\/medias\/images\/it4bi_www_employment_bycountry_gen2012.png\" alt=\"it4bi_www_employment_bycountry_gen2012\" width=\"480\" height=\"289\" \/><\/a><br \/>\n53% of our former students chose to stay in Europe, Germany gathering the large majority of them.<\/p>\n<\/div>\n<\/div>\n<\/div>\n<\/div>\n<\/div>\n<\/div>\n<div class=\"ligne premiere_ligne\">\n<div class=\"colonne premiere_colonne derniere_colonne\" style=\"width: 99.9%;\">\n<div class=\"colonne_deco\">\n<div class=\"style3\">\n<div class=\"style3_deco\">\n<h3>Employability<\/h3>\n<div class=\"style3_contenu\">\n<p>By the end of the programme, students will have an in-depth understanding of the stakes, challenges, and open issues of gathering and analysing large amounts of heterogeneous data for decision-making purposes, master the key concepts and technologies in information systems, and be able to put in place and conduct both online and offline analyses of strategic data to answer executives needs.<\/p>\n<p>&nbsp;<\/p>\n<p>From an <span style=\"font-weight: bold;\">industrial perspective<\/span>, constantly growing amounts of largely unstructured data, rapidly changing economic conditions, and an emerging trend of incorporating unstructured data into analytics bring new challenges to BI, and new opportunities to qualified practitioners. Notably, statistics on employability of graduates from the Master en Syst\u00e8mes d&#8217;Information et Analyse D\u00e9cisionnelle at University Fran\u00e7ois-Rabelais of Tours (a BI specialisation of the Computer Science Master) showed that in 2010, 97% of graduates were employed 6 months after graduation (the remaining 3% continues their studies) with a mean initial annual net salary of 30,000 euros.<\/p>\n<p>&nbsp;<\/p>\n<p>From an <span style=\"font-weight: bold;\">academic perspective<\/span>, interest in business intelligence is growing and diversifying in academia, with strong interest in the management of unstructured data along with structured data, personalisation and recommendation, graph databases, complex event processing, collaborative aspects, as well as visual analytics. Students choosing to do their master&#8217;s thesis in a partner&#8217;s laboratory, will be considered for subsequent enrollment at doctorate in one of the full or associated partner HEIs.<\/p>\n<p>&nbsp;<\/p>\n<p>Finally, the consortium will promote and develop <span style=\"font-weight: bold;\">technological transfer from academia to the enterprise<\/span>. This will be done through various informal as well as formal partnerships, for instance, the academic chair in Business Intelligence at ECP that involve, among other partners, SAP research, with the objective of combining semantic technologies with Business Intelligence.<\/p>\n<p>&nbsp;<\/p>\n<p>&nbsp;<\/p>\n<p>To conclude, many opportunities are available in the field, for both academic and industrial research. IT4BI will be the best master&#8217;s degree for learning the skills needed to excel in those jobs.<\/p>\n<\/div>\n<\/div>\n<\/div>\n<\/div>\n<\/div>\n<p>&nbsp;<\/p>\n<div class=\"ligne premiere_ligne\"><\/div>\n<\/div>\n","protected":false},"excerpt":{"rendered":"<p>Statistics 2015 IT4BI Generation 2013-2015 The second generation of IT4BI graduated in September 2015. This year, the completion rate is more than 80% with 21 students who have graduated successfully out of 26 admitted. Surveyed upon graduation, the IT4BI alumni &hellip; <a href=\"https:\/\/it4bi.ulb.ac.be\/it4bi\/home\/the-it4bi-experience\/careers\">Continue reading <span class=\"meta-nav\">&rarr;<\/span><\/a><\/p>\n","protected":false},"author":2,"featured_media":0,"parent":34,"menu_order":7,"comment_status":"closed","ping_status":"closed","template":"","meta":{"footnotes":""},"_links":{"self":[{"href":"https:\/\/it4bi.ulb.ac.be\/it4bi\/wp-json\/wp\/v2\/pages\/204"}],"collection":[{"href":"https:\/\/it4bi.ulb.ac.be\/it4bi\/wp-json\/wp\/v2\/pages"}],"about":[{"href":"https:\/\/it4bi.ulb.ac.be\/it4bi\/wp-json\/wp\/v2\/types\/page"}],"author":[{"embeddable":true,"href":"https:\/\/it4bi.ulb.ac.be\/it4bi\/wp-json\/wp\/v2\/users\/2"}],"replies":[{"embeddable":true,"href":"https:\/\/it4bi.ulb.ac.be\/it4bi\/wp-json\/wp\/v2\/comments?post=204"}],"version-history":[{"count":0,"href":"https:\/\/it4bi.ulb.ac.be\/it4bi\/wp-json\/wp\/v2\/pages\/204\/revisions"}],"up":[{"embeddable":true,"href":"https:\/\/it4bi.ulb.ac.be\/it4bi\/wp-json\/wp\/v2\/pages\/34"}],"wp:attachment":[{"href":"https:\/\/it4bi.ulb.ac.be\/it4bi\/wp-json\/wp\/v2\/media?parent=204"}],"curies":[{"name":"wp","href":"https:\/\/api.w.org\/{rel}","templated":true}]}}