{"id":127,"date":"2012-01-25T18:04:43","date_gmt":"2012-01-25T17:04:43","guid":{"rendered":"\/?page_id=127"},"modified":"2014-10-24T11:00:49","modified_gmt":"2014-10-24T10:00:49","slug":"partners","status":"publish","type":"page","link":"https:\/\/it4bi.ulb.ac.be\/it4bi\/home\/network\/partners","title":{"rendered":"Partners"},"content":{"rendered":"<div class=\"ligne premiere_ligne\">\n<div class=\"colonne premiere_colonne derniere_colonne\" style=\"width: 99.9%;\">\n<div class=\"colonne_deco\">\n<div class=\"sansstyle\">\n<\/div>\n<div class=\"style1\">\n<h3>Coordinating Institution<\/h3>\n<div class=\"style1_deco\"><\/div>\n<\/div>\n<div class=\"style2\">\n<h3><a class=\"lien_externe\" title=\"http:\/\/www.ulb.ac.be\/\" href=\"http:\/\/www.ulb.ac.be\/\">Universit&eacute; Libre de Bruxelles &#8211; Belgium<\/a><\/h3>\n<div class=\"style2_deco\">\n<p><a class=\"lien_externe\" title=\"http:\/\/www.ulb.ac.be\/\" href=\"http:\/\/www.ulb.ac.be\/\"><img decoding=\"async\" src=\"\/it4bi\/medias\/images\/logo_ulb.jpg\" style=\"width:78px;height:78px;margin:0px 5px;float:left;\" alt=\"\" title=\"\" \/><\/a>With its 8 faculties, schools and institutes, and 21,000 students, 29% coming from abroad, ULB covers all disciplines and study cycles. ULB distinctions include 3 Nobel Prizes and 1 Fields Medal. ULB has 350 Erasmus partnerships, coordinates 1 EMMC and 1 EMJD, and has 250 agreements with European and international universities. It has been involved in 120 international and European joint research projects including 76 FP6 and 73 FP7 projects. ULB offers programs in Computer Science and Engineering including: 1\/ a Bachelor in Computer Science and Engineering 2\/ a joint master involving four departments of 2 Brussels universities, fully taught in English, offering 5 specializations 3\/ a doctorate program. The WIT laboratory of ULB has for years done cutting-edge research and development in business intelligence, involving currently 10 PhD students. It took part in the European project MurMur (Multiple Representations and Multiple Resolutions in Geographical Databases).<\/p>\n<p>ULB will offer the first semester of the curriculum, which includes the first part of fundamentals topics in BI. ULB will award all the successful students with its master&#39;s degree in computer science and engineering. In addition to that, ULB will coordinate the overall programme including the academic aspects.<\/p>\n<p><a class=\"lien_externe\" title=\"http:\/\/www.ulb.ac.be\/\" href=\"http:\/\/www.ulb.ac.be\/\">http:\/\/www.ulb.ac.be\/<\/a><\/p>\n<p>&nbsp;<\/p>\n<\/div>\n<\/div>\n<div class=\"style1\">\n<h3>Partner Institutions<\/h3>\n<div class=\"style1_deco\"><\/div>\n<\/div>\n<div class=\"style2\">\n<h3><a class=\"lien_externe\" title=\"http:\/\/www.univ-tours.fr\" href=\"http:\/\/www.univ-tours.fr\" >Universit&eacute; Fran&ccedil;ois-Rabelais Tours &#8211; France<\/a><\/h3>\n<div class=\"style2_deco\">\n<p><a class=\"lien_externe\" title=\"http:\/\/www.univ-tours.fr\" href=\"http:\/\/www.univ-tours.fr\" ><img decoding=\"async\" src=\"\/it4bi\/medias\/images\/logo_utfr.jpg\" style=\"width:78px;height:55px;margin:0px 5px;border:0px solid;float:left;\" alt=\"\" title=\"\" \/><\/a>Founded in 1970, UFRT gathers over 20000 students, 10% from abroad, offers academic programs from the Bachelor&#39;s degree to the Doctorate and includes 45 research laboratories. It has 200 European partner universities in 26 countries, 300 Erasmus bilateral agreements, agreements or cooperation programs with America, Asia, and Australia, and currently participates in 11 European projects. UFRT offers several programs in computer science, including (1) a European Bachelor jointly developed with partners in UK, Germany, Portugal, Finland, Spain, Italy, Romania, (2) a 2-year Master specialised in Information Systems and Decision Making, with a final year taught in English, and (3) a doctorate program. The computer science laboratory of UFRT leads research activities in the field of Business Intelligence, with currently 4 PhD students and involvement in 4 national research projects funded by ANR (national agency for research) and 1 international STIC-AmSud research project.<\/p>\n<p>The Computer Science Department of UFRT, located in the city of Blois, will contribute to the program by offering the second semester, containing a second part of fundamentals in Business Intelligence. UFRT will award its master&#39;s degree in information systems and decision making to all successful students. UFRT will coordinate the programme promotion (including the design and management of its web site) as well as services to students.<\/p>\n<p><a class=\"lien_externe\" title=\"http:\/\/www.univ-tours.fr\" href=\"http:\/\/www.univ-tours.fr\" >http:\/\/www.univ-tours.fr<\/a><\/p>\n<p><a class=\"lien_externe\" title=\"http:\/\/www.univ-tours.fr\/\" href=\"http:\/\/www.univ-tours.fr\/\"><br \/><\/a><\/p>\n<\/div>\n<\/div>\n<div class=\"style2\">\n<h3><a class=\"lien_externe\" title=\"http:\/\/www.upc.edu\/\" href=\"http:\/\/www.upc.edu\/\">Universitat Polit&egrave;cnica de Catalunya &#8211; Spain<\/a><\/h3>\n<div class=\"style2_deco\"><a class=\"lien_externe\" title=\"http:\/\/www.upc.edu\/\" href=\"http:\/\/www.upc.edu\/\"><img decoding=\"async\" src=\"\/it4bi\/medias\/images\/logo_upc.jpg\" style=\"width:78px;height:78px;margin:0px 5px;border:0px solid;float:left;\" alt=\"\" title=\"\" \/><\/a>UPC offers postgraduate and undergraduate official degrees in the field of architecture, science and engineering, including 7 Erasmus Mundus masters and 13 additional international masters taught in English. UPC has more than 33000 students including 2200 in\/from international exchange programs, making it the Spanish university with the highest number of master students from abroad, and largest number of double degree programs. UPC has also significant cooperation activity (84 cooperation and development projects). UPC offers a Bachelor in Informatics Engineering, a Master in Information Technology and a Master in Computing. The Master in Information Technology is fully lectured in English and has allowed establishing double degree agreements with partners in Thailand, USA, France, Finland, Belgium and UK.<\/p>\n<p>UPC will contribute to the program by offering 60 ECTS, corresponding to the implementation of semesters 3 and 4 of the curriculum, including a specialisation in Business Intelligence. UPC will award the successful students welcomed for semesters 3 and 4 with its master&#39;s degree in information technology. In addition to that, UPC will coordinate the application, selection, admission, and examination procedures.<\/p>\n<p><a class=\"lien_externe\" title=\"http:\/\/www.upc.edu\/\" href=\"http:\/\/www.upc.edu\/\">http:\/\/www.upc.edu\/<\/a>\n<\/div>\n<\/div>\n<div class=\"style2\">\n<h3><a class=\"lien_externe\" title=\"http:\/\/www.centralesupelec.fr\/\" href=\"http:\/\/www.centralesupelec.fr\/\">Ecole CentraleSup\u00e9lec &#8211; France<\/a><\/h3>\n<div class=\"style2_deco\">\n<p><a class=\"lien_externe\" title=\"Ecole CentraleSupelec - France\" href=\"http:\/\/www.centralesupelec.fr\/\"><img decoding=\"async\" src=\"\/it4bi\/medias\/images\/20151016_www_it4bi_images_logo_centrale_supelec_863x445.png\" style=\"width:86px;height:45px;margin:0px 5px;border:0px solid;float:left;\" alt=\"20151016_www_it4bi_images_logo_centrale_supelec_863x445.png\" title=\"Logo CentraleSupelec\" \/><\/a>CentraleSup\u00e9lec was created the 1st January 2015, as a result of the merging of the two oldest and most prestigious engineering schools in France (France&#39;s Grandes Ecoles): Ecole Centrale Paris (ECP) and Ecole Sup\u00e9reure d&#39;Electricit\u00e9 (Sup\u00e9lec). The school has today 4 campuses in France : Ch\u00e2tenay-Malabry, Gif-sur-yvette, Rennes and Metz.<\/p>\n<p>&nbsp;<\/p>\n<p>The school has today 4800 students and 30% are foreign students, 500 PhD and 70 post-doctoral students, 440 teachers\/researchers, and over 31000 former students.<\/p>\n<p>&nbsp;<\/p>\n<p>The international mobility at CS is mandatory for at least 1 semester. But thanks to its worldwide partnership, particularly the T.I.M.E. association, CS students spent on average 13 months abroad. CS graduates 1000 Engineering students per year including 40% with a Double Degree from an international partner university.<\/p>\n<p>&nbsp;<\/p>\n<p>Since 2009, CS has developed its expertise in coordinating Erasmus Mundus Action 2 programs, particularly with China, Japan, Korea and Brazil. More than 10MEUR of scholarships have been distributed to students and faculties through those programs.<\/p>\n<p>&nbsp;<\/p>\n<p>CentraleSup\u00e9lec is also a part of the French top-class university Paris-Saclay University which also was created on January 2015.<\/p>\n<p>&nbsp;<\/p>\n<p>CentraleSup\u00e9lec will contribute to the program by offering 60 ECTS, corresponding to the implementation of semesters 3 and 4 of the curriculum, including a specialisation in Business Intelligence.<\/p>\n<p>&nbsp;<\/p>\n<p>CentraleSup\u00e9lec will award the successful students welcomed for semesters 3 and 4 with its master&#39;s degree in Computer Science. In addition to that,CentraleSup\u00e9lec will coordinate the connection with socio-economic\/industrial\/scientific partners, including the programme&#39;s sustainability.<\/p>\n<p>&nbsp;<\/p>\n<p>More infos : <a class=\"lien_externe\" title=\"CentraleSupelec web site\" href=\"http:\/\/www.centralesupelec.fr\/\">http:\/\/www.centralesupelec.fr\/<\/a><br \/>\n<a class=\"lien_externe\" title=\"Universite Paris Saclay\" href=\"https:\/\/www.universite-paris-saclay.fr\/en\/node\/4265\">https:\/\/www.universite-paris-saclay.fr\/en\/node\/4265<\/a><\/p>\n<p>&nbsp;<\/p>\n<\/div>\n<\/div>\n<div class=\"style2\">\n<h3><a class=\"lien_externe\" title=\"http:\/\/www.tu-berlin.de\/\" href=\"http:\/\/www.tu-berlin.de\/\">Technische Universit&auml;t Berlin &#8211; Germany<\/a><\/h3>\n<div class=\"style2_deco\">\n<img decoding=\"async\" src=\"\/it4bi\/medias\/images\/tub_logo1.png\" alt=\"tub_logo\" style=\"width:78px;height:61px;margin:0px 5px;border:0px solid;float:left;\" alt=\"\" title=\"\" \/><\/a>The internationally renowned Technische Universit&auml;t Berlin (TUB) is located in Germany&#39;s capital city at the heart of Europe. TUB has more than 27000 students including around 5500 foreign nationals and achieved 17 habilitations and 470 doctoral degrees in 2010. Our research and teaching endeavors can be characterized by a broad spectrum of academic disciplines, ranging from engineering science to natural science, planning science and economics, as well as the humanities and social sciences. Moreover TUB offers double degree agreements with partners in Brazil, Chile, China, Korea, Great Britain, France, Poland and Russia and established Erasmus-cooperations to over 260 universities in Europe, in which TUB is currently involved in 3 Erasmus Mundus masters.<\/p>\n<p>TUB will contribute to the program by offering 60 ECTS, corresponding to the implementation of semesters 3 and 4 of the curriculum, including a specialization in Business Intelligence. TUB will award the successful students welcomed for semesters 3 and 4 with its master&#39;s degree in information technology. In addition to that, TUB will be responsible for the continuous quality assurance and evaluation.<\/p>\n<p><a class=\"lien_externe\" title=\"http:\/\/www.tu-berlin.de\/\" href=\"http:\/\/www.tu-berlin.de\/\">http:\/\/www.tu-berlin.de<\/a><\/p>\n<\/div>\n<\/div>\n<\/div>\n<\/div>\n<p><br class=\"separateur\" \/>\n<\/div>\n","protected":false},"excerpt":{"rendered":"<p>Coordinating Institution Universit&eacute; Libre de Bruxelles &#8211; Belgium With its 8 faculties, schools and institutes, and 21,000 students, 29% coming from abroad, ULB covers all disciplines and study cycles. ULB distinctions include 3 Nobel Prizes and 1 Fields Medal. ULB &hellip; <a href=\"https:\/\/it4bi.ulb.ac.be\/it4bi\/home\/network\/partners\">Continue reading <span class=\"meta-nav\">&rarr;<\/span><\/a><\/p>\n","protected":false},"author":2,"featured_media":0,"parent":28,"menu_order":2,"comment_status":"closed","ping_status":"closed","template":"","meta":{"footnotes":""},"_links":{"self":[{"href":"https:\/\/it4bi.ulb.ac.be\/it4bi\/wp-json\/wp\/v2\/pages\/127"}],"collection":[{"href":"https:\/\/it4bi.ulb.ac.be\/it4bi\/wp-json\/wp\/v2\/pages"}],"about":[{"href":"https:\/\/it4bi.ulb.ac.be\/it4bi\/wp-json\/wp\/v2\/types\/page"}],"author":[{"embeddable":true,"href":"https:\/\/it4bi.ulb.ac.be\/it4bi\/wp-json\/wp\/v2\/users\/2"}],"replies":[{"embeddable":true,"href":"https:\/\/it4bi.ulb.ac.be\/it4bi\/wp-json\/wp\/v2\/comments?post=127"}],"version-history":[{"count":0,"href":"https:\/\/it4bi.ulb.ac.be\/it4bi\/wp-json\/wp\/v2\/pages\/127\/revisions"}],"up":[{"embeddable":true,"href":"https:\/\/it4bi.ulb.ac.be\/it4bi\/wp-json\/wp\/v2\/pages\/28"}],"wp:attachment":[{"href":"https:\/\/it4bi.ulb.ac.be\/it4bi\/wp-json\/wp\/v2\/media?parent=127"}],"curies":[{"name":"wp","href":"https:\/\/api.w.org\/{rel}","templated":true}]}}