{"id":118,"date":"2012-01-25T10:33:55","date_gmt":"2012-01-25T09:33:55","guid":{"rendered":"\/?page_id=118"},"modified":"2014-11-10T11:20:09","modified_gmt":"2014-11-10T10:20:09","slug":"degree-accreditation-and-grading","status":"publish","type":"page","link":"https:\/\/it4bi.ulb.ac.be\/it4bi\/home\/master-programme\/degree-accreditation-and-grading","title":{"rendered":"Degree, Accreditation and Grading"},"content":{"rendered":"<div class=\"ligne premiere_ligne\">\n<div class=\"colonne premiere_colonne derniere_colonne\" style=\"width: 99.9%;\">\n<div class=\"colonne_deco\">\n<div class=\"style1\">\n<h3>Degree Awarded and Accreditation<\/h3>\n<div class=\"style1_deco\">\n<p>The programme relies on nationally recognised degrees included in each HEI catalogue, namely:<\/p>\n<ul>\n<li>ULB: Master of Science in Computer science and engineering<\/li>\n<\/ul>\n<ul>\n<li>UFRT: Master Sciences et technologies, mention Informatique, sp\u00e9cialit\u00e9 Syst\u00e8mes d&#39;information pour l&#39;aide \u00e0 la d\u00e9cision<\/li>\n<\/ul>\n<ul>\n<li>UPC: Erasmus Mundus Master in Information Technologies for Business Intelligence<\/li>\n<\/ul>\n<ul>\n<li>ECP: Master Sciences de l&#39;ing\u00e9nieur, mention Mathematiques appliqu\u00e9es et sciences de l&#39;information, sp\u00e9cialit\u00e9 Ing\u00e9nierie des connaissances<\/li>\n<\/ul>\n<ul>\n<li>TUB: Master of Science in Informatik<\/li>\n<\/ul>\n<p>Students enroll for the first semester at ULB and the second at UFRT. They choose in the third semester a specialization at one of the three other institutions (UPC, ECP, or TUB). Finally, in the fourth semester they carry out the master&#39;s Thesis at any of the partner institutions (whether full or associated). Upon completion, they are awarded a multiple degree (ULB, UFRT, and the university of the specialization).<\/p>\n<\/div>\n<\/div>\n<\/div>\n<\/div>\n<p>&nbsp;<\/p>\n<\/div>\n<div class=\"ligne\">\n<div class=\"colonne premiere_colonne derniere_colonne\" style=\"width: 99.9%;\">\n<div class=\"colonne_deco\">\n<div class=\"style1\">\n<h3>Grading<\/h3>\n<div class=\"style1_deco\">\n<p>Joint examination will rely partly on mutual recognition of the quality of the partners. Thus, the consortium will incorporate the features of existing courses and local regulations will apply for student&#39;s evaluation and student-teacher conflict resolution. Nevertheless, an effort has been made to establish a procedure as uniform as possible for examination and assessment of student&#39;s achievements:<\/p>\n<p>&nbsp;<\/p>\n<p>Regarding the courses,<\/p>\n<ul>\n<li>During the first and second semesters, for delivering fundamentals, all students are together in the same institution, and therefore no coordination or harmonization for the evaluation results is necessary. Nevertheless, the contents and objectives of these courses have been coordinated with those in the other institutions.<\/li>\n<\/ul>\n<ul>\n<li>A dedicated joint examination method will be organized for the course implemented jointly at UFRT.<\/li>\n<\/ul>\n<ul>\n<li>In case of failure of a module, a resit session will be organized for the student not before 2 weeks of the previous examination.<\/li>\n<\/ul>\n<ul>\n<li>Local marking will be used throughout the student tracking. Conversion to ECTS will be done subsequently using local conversion rule<\/li>\n<\/ul>\n<ul>\n<li>At the end of each semester, the list of courses validated by each student will be drawn up with a mark and the number of ECTS credits associated with each.<\/li>\n<\/ul>\n<ul>\n<li>At the end of each year, the StrCo reviews and discusses the student&#39;s results, and, at the end of year 2, harmonises the marks and distributes the ECTS credits. Our starting point for equivalencies across grading scales is given in Table 5, and this will be reviewed regularly to ensure similar grades from different partners truly reflect similar underlying student behaviour.<\/li>\n<\/ul>\n<ul>\n<li>To obtain the master&#39;s degree, it is necessary to obtain 90 ECTS from courses, plus 30 ECTS from the master&#39;s Thesis.<\/li>\n<\/ul>\n<ul>\n<li>Upon completion of the programme, student&#39;s grades will be issued in the ECTS grading scheme.&nbsp;<br \/>\n<table style=\"width: 470px; height: 438px;\" border=\"1\" cellspacing=\"1\" cellpadding=\"1\">\n<caption>Equivalence between grades across countries.<\/caption>\n<tbody>\n<tr>\n<td style=\"text-align: center;\">ECTS<\/td>\n<td style=\"text-align: center;\">Definition<\/td>\n<td style=\"text-align: center;\">US<\/td>\n<td style=\"text-align: center;\">BE, FR<\/td>\n<td style=\"text-align: center;\">ES<\/td>\n<td style=\"text-align: center;\">DE<\/td>\n<\/tr>\n<tr>\n<td style=\"text-align: center;\">A<\/td>\n<td style=\"text-align: center;\">Excellent: outstanding performance<br \/>\nwith only minor errors<\/td>\n<td style=\"text-align: center;\">A<\/td>\n<td style=\"text-align: center;\">[18-20]<\/td>\n<td style=\"text-align: center;\">[9.5-10]<\/td>\n<td style=\"text-align: center;\">[1.0-1.3]<\/td>\n<\/tr>\n<tr>\n<td style=\"text-align: center;\">B<\/td>\n<td style=\"text-align: center;\">Very Good: above the average standard<br \/>\nbut with some errors<\/td>\n<td style=\"text-align: center;\">B+<\/td>\n<td style=\"text-align: center;\">[16-18[<\/td>\n<td style=\"text-align: center;\">[8.5-9.5[<\/td>\n<td style=\"text-align: center;\">[1.7-2.0]<\/td>\n<\/tr>\n<tr>\n<td style=\"text-align: center;\">C<\/td>\n<td style=\"text-align: center;\">Good: generally sound work<br \/>\nwith a number of notable errors<\/td>\n<td style=\"text-align: center;\">B<\/td>\n<td style=\"text-align: center;\">[14-16[<\/td>\n<td style=\"text-align: center;\">[7-8.5[<\/td>\n<td style=\"text-align: center;\">[2.3-2.7]<\/td>\n<\/tr>\n<tr>\n<td style=\"text-align: center;\">D<\/td>\n<td style=\"text-align: center;\">Satisfactory: fair but with<br \/>\nsignificant shortcomings<\/td>\n<td style=\"text-align: center;\">C+<\/td>\n<td style=\"text-align: center;\">[12-14[<\/td>\n<td style=\"text-align: center;\">[6-7[<\/td>\n<td style=\"text-align: center;\">[3.0-3.3]<\/td>\n<\/tr>\n<tr>\n<td style=\"text-align: center;\">E<\/td>\n<td style=\"text-align: center;\">Sufficient: performance meets<br \/>\nthe minimum criteria<\/td>\n<td style=\"text-align: center;\">C<\/td>\n<td style=\"text-align: center;\">[10-12[<\/td>\n<td style=\"text-align: center;\">[5-6[<\/td>\n<td style=\"text-align: center;\">[3.7-4.0]<\/td>\n<\/tr>\n<tr>\n<td style=\"text-align: center;\">F<\/td>\n<td style=\"text-align: center;\">Fail: considerable further work<br \/>\nis required<\/td>\n<td style=\"text-align: center;\">F<\/td>\n<td style=\"text-align: center;\">[0-10[<\/td>\n<td style=\"text-align: center;\">[0-5[<\/td>\n<td style=\"text-align: center;\">5.0<\/td>\n<\/tr>\n<\/tbody>\n<\/table>\n<\/li>\n<\/ul>\n<p>&nbsp;<\/p>\n<p>Regarding the Master Thesis:<\/p>\n<ul>\n<li>It will be written in English and defended during the annual workshop<\/li>\n<\/ul>\n<ul>\n<li>The thesis defence lasts for 60 minutes, including questions.<\/li>\n<\/ul>\n<ul>\n<li>Three lecturers from universities different from the one in which the student did his work experience will mark the dissertation beforehand.<\/li>\n<\/ul>\n<ul>\n<li>The juries will be composed of one member from each partner, one associate academic partner, and one associate industrial partner.<\/li>\n<\/ul>\n<p>&nbsp;<\/p>\n<ul>\n<li>The marks from the oral presentation and written evaluation are then averaged out to give a general mark.<\/li>\n<\/ul>\n<p>&nbsp;<\/p>\n<ul>\n<li>Grade harmonization will be performed if defences are organized as parallel sessions.<\/li>\n<\/ul>\n<ul>\n<li>Should a student fail, a resit session is organized locally in September which requires a new version of the dissertation (which will be evaluated by the same lecturers) and a new oral presentation broadcasted through video-conference to the other institutions.<\/li>\n<\/ul>\n<p>Both the admission\/selection and the student examination procedures have been thought of having in mind their transparency, fairness, and objectivity. With respect to transparency, all documents will be kept open to inspection, and students will receive a detailed feedback on their own evaluation and distance from expected performance. No distinction will be made regarding any aspect of the student&#39;s personality and previous career, which are not explicitly listed among the evaluation\/examination criteria. All the criteria can be quantified, allowing a fair and objective assessment.<\/p>\n<p>&nbsp;<\/p>\n<p>While the selection procedure is designed to ensure all students will have the necessary prerequisites for the programme, the consortium recognizes the difficulties in evaluating students with diverse backgrounds and all partners have been dealing with international students for many years. The extensive participation of teachers to all the decision-making processes guarantees a mediated agreement, leaving no room to any prevailing personal opinion. Nevertheless, the consortium is aware that some discrepancy between the intended effects and the actual ones might arise. For this reason, an accurate ex-post evaluation of the described procedures will be carried out once they have been applied in practice, and any failure that should emerge will be discussed in depth and corrective actions (including modifications in grading procedures and adjustment of course weightings) will be proposed. The way in which the Master is organized also takes into account lifelong learning and permanent education.<\/p>\n<p>&nbsp;<\/p>\n<p>Persons who desire to improve their professional situation could apply for the Master as a whole or register to specific topics.<\/p>\n<p>&nbsp;<\/p>\n<p>At the end of the two years, a grade transcript will be drawn up for each student. It will include the official seal of all the partner institutions, thus guaranteeing recognition of the credits obtained. Once 120 ECTS credits have been obtained, the student will receive the multiple national masters diplomas from the universities in which he\/she studied, a joint diploma (if the student took specializations either at UPC or ECP) and a joint Europass Diploma Supplement and Europass mobility. The Europass language certificate will be used to record the student&#39;s language skills (the coordinator will be responsible for the delivery of these documents), and students will be encouraged to use the Europass CV.<\/p>\n<p>&nbsp;<\/p>\n<p>All the HEI in the consortium will recognize the results. Obtaining these Master degrees will allow students to enroll in doctoral studies in the HEI of their choice.<\/p>\n<\/div>\n<\/div>\n<\/div>\n<\/div>\n<p>&nbsp;<\/p>\n<\/div>\n","protected":false},"excerpt":{"rendered":"<p>Degree Awarded and Accreditation The programme relies on nationally recognised degrees included in each HEI catalogue, namely: ULB: Master of Science in Computer science and engineering UFRT: Master Sciences et technologies, mention Informatique, sp\u00e9cialit\u00e9 Syst\u00e8mes d&#39;information pour l&#39;aide \u00e0 la &hellip; <a href=\"https:\/\/it4bi.ulb.ac.be\/it4bi\/home\/master-programme\/degree-accreditation-and-grading\">Continue reading <span class=\"meta-nav\">&rarr;<\/span><\/a><\/p>\n","protected":false},"author":2,"featured_media":0,"parent":25,"menu_order":4,"comment_status":"closed","ping_status":"closed","template":"","meta":{"footnotes":""},"_links":{"self":[{"href":"https:\/\/it4bi.ulb.ac.be\/it4bi\/wp-json\/wp\/v2\/pages\/118"}],"collection":[{"href":"https:\/\/it4bi.ulb.ac.be\/it4bi\/wp-json\/wp\/v2\/pages"}],"about":[{"href":"https:\/\/it4bi.ulb.ac.be\/it4bi\/wp-json\/wp\/v2\/types\/page"}],"author":[{"embeddable":true,"href":"https:\/\/it4bi.ulb.ac.be\/it4bi\/wp-json\/wp\/v2\/users\/2"}],"replies":[{"embeddable":true,"href":"https:\/\/it4bi.ulb.ac.be\/it4bi\/wp-json\/wp\/v2\/comments?post=118"}],"version-history":[{"count":0,"href":"https:\/\/it4bi.ulb.ac.be\/it4bi\/wp-json\/wp\/v2\/pages\/118\/revisions"}],"up":[{"embeddable":true,"href":"https:\/\/it4bi.ulb.ac.be\/it4bi\/wp-json\/wp\/v2\/pages\/25"}],"wp:attachment":[{"href":"https:\/\/it4bi.ulb.ac.be\/it4bi\/wp-json\/wp\/v2\/media?parent=118"}],"curies":[{"name":"wp","href":"https:\/\/api.w.org\/{rel}","templated":true}]}}